{"id":840,"date":"2025-12-14T12:26:53","date_gmt":"2025-12-14T12:26:53","guid":{"rendered":"https:\/\/vanderly.pl\/?page_id=840"},"modified":"2025-12-14T13:01:48","modified_gmt":"2025-12-14T13:01:48","slug":"dolacz-do-mnie","status":"publish","type":"page","link":"https:\/\/vanderly.pl\/index.php\/dolacz-do-mnie\/","title":{"rendered":"Do\u0142\u0105cz do mnie"},"content":{"rendered":"\t\t<div data-elementor-type=\"wp-page\" data-elementor-id=\"840\" class=\"elementor elementor-840\" data-elementor-post-type=\"page\">\n\t\t\t\t<div class=\"elementor-element elementor-element-031f3f9 e-flex e-con-boxed e-con e-parent\" data-id=\"031f3f9\" data-element_type=\"container\">\n\t\t\t\t\t<div class=\"e-con-inner\">\n\t\t\t\t<div class=\"elementor-element elementor-element-52598f7 elementor-widget elementor-widget-image\" data-id=\"52598f7\" data-element_type=\"widget\" data-widget_type=\"image.default\">\n\t\t\t\t\t\t\t\t\t\t\t\t\t\t\t<img fetchpriority=\"high\" decoding=\"async\" width=\"1024\" height=\"671\" src=\"https:\/\/vanderly.pl\/wp-content\/uploads\/2025\/12\/IMG_2730-1024x671.jpg\" class=\"attachment-large size-large wp-image-849\" alt=\"\" srcset=\"https:\/\/vanderly.pl\/wp-content\/uploads\/2025\/12\/IMG_2730-1024x671.jpg 1024w, https:\/\/vanderly.pl\/wp-content\/uploads\/2025\/12\/IMG_2730-300x197.jpg 300w, https:\/\/vanderly.pl\/wp-content\/uploads\/2025\/12\/IMG_2730-768x503.jpg 768w, https:\/\/vanderly.pl\/wp-content\/uploads\/2025\/12\/IMG_2730-1536x1007.jpg 1536w, https:\/\/vanderly.pl\/wp-content\/uploads\/2025\/12\/IMG_2730-2048x1342.jpg 2048w, https:\/\/vanderly.pl\/wp-content\/uploads\/2025\/12\/IMG_2730-1176x771.jpg 1176w, https:\/\/vanderly.pl\/wp-content\/uploads\/2025\/12\/IMG_2730-420x275.jpg 420w, https:\/\/vanderly.pl\/wp-content\/uploads\/2025\/12\/IMG_2730-81x53.jpg 81w\" sizes=\"(max-width: 1024px) 100vw, 1024px\" \/>\t\t\t\t\t\t\t\t\t\t\t\t\t\t\t<\/div>\n\t\t\t\t\t<\/div>\n\t\t\t\t<\/div>\n\t\t<div class=\"elementor-element elementor-element-3417dbc e-flex e-con-boxed e-con e-parent\" data-id=\"3417dbc\" data-element_type=\"container\">\n\t\t\t\t\t<div class=\"e-con-inner\">\n\t\t\t\t<div class=\"elementor-element elementor-element-d50107c elementor-widget elementor-widget-heading\" data-id=\"d50107c\" data-element_type=\"widget\" data-widget_type=\"heading.default\">\n\t\t\t\t\t<h2 class=\"elementor-heading-title elementor-size-default\">Chod\u017a i poznawaj \u015bwiat razem ze mn\u0105!<\/h2>\t\t\t\t<\/div>\n\t\t\t\t<div class=\"elementor-element elementor-element-be72f07 elementor-widget elementor-widget-text-editor\" data-id=\"be72f07\" data-element_type=\"widget\" data-widget_type=\"text-editor.default\">\n\t\t\t\t\t\t\t\t\t<p data-start=\"232\" data-end=\"385\">Je\u015bli masz ochot\u0119 wyrwa\u0107 si\u0119 cho\u0107 na chwil\u0119 z codzienno\u015bci, zobaczy\u0107 kawa\u0142ek \u015bwiata i sp\u0119dzi\u0107 czas w dobrym towarzystwie \u2014 jeste\u015b we w\u0142a\u015bciwym miejscu.<\/p><p data-start=\"387\" data-end=\"703\">Tworz\u0119 ma\u0142\u0105, pozytywn\u0105 ekip\u0119 os\u00f3b, kt\u00f3re lubi\u0105 podr\u00f3\u017ce bez napinki: spontaniczne, lekkie i pe\u0142ne \u015bmiechu. Nie musisz mie\u0107 do\u015bwiadczenia w zwiedzaniu, planowaniu ani w ogarnianiu logistyki \u2014 najwa\u017cniejsze jest, \u017ceby\u015b mia\u0142\/a otwarto\u015b\u0107 na nowe miejsca i ludzi.<\/p><p data-start=\"705\" data-end=\"1032\">Nasze wypady s\u0105 kr\u00f3tkie i sprytnie zaplanowane tak, by idealnie \u0142\u0105czy\u0142y si\u0119 z \u017cyciem zawodowym \u2014 cz\u0119sto to <strong data-start=\"812\" data-end=\"834\">weekendowe podr\u00f3\u017ce<\/strong>, dzi\u0119ki kt\u00f3rym mo\u017cesz zatankowa\u0107 energi\u0119, nie wchodz\u0105c w konflikt z \u017cyciem zawodowym. Lecimy tam, gdzie aktualnie czeka dobra przygoda, tanie po\u0142\u0105czenie, ciekawy klimat i przestrze\u0144 do z\u0142apania oddechu.<\/p><p data-start=\"1254\" data-end=\"1473\">Je\u015bli masz ochot\u0119 pozna\u0107 nowych ludzi, odwiedza\u0107 pi\u0119kne miejsca i sp\u0119dza\u0107 czas w atmosferze luzu i dobrej energii \u2014 <a href=\"https:\/\/vanderly.pl\/index.php\/contact\/\"><strong data-start=\"1370\" data-end=\"1387\">do\u0142\u0105cz do mnie<\/strong><\/a>.<br data-start=\"1388\" data-end=\"1391\" \/>B\u0119dzie spontanicznie, b\u0119dzie \u015bmiesznie, b\u0119dzie intensywnie i\u2026 b\u0119dzie co wspomina\u0107.<\/p>\t\t\t\t\t\t\t\t<\/div>\n\t\t\t\t\t<\/div>\n\t\t\t\t<\/div>\n\t\t\t\t<\/div>\n\t\t","protected":false},"excerpt":{"rendered":"<p>Chod\u017a i poznawaj \u015bwiat razem ze mn\u0105! Je\u015bli masz ochot\u0119 wyrwa\u0107 si\u0119 cho\u0107 na chwil\u0119 z codzienno\u015bci, zobaczy\u0107 kawa\u0142ek \u015bwiata i sp\u0119dzi\u0107 czas w dobrym towarzystwie \u2014 jeste\u015b we w\u0142a\u015bciwym miejscu. Tworz\u0119 ma\u0142\u0105, pozytywn\u0105 ekip\u0119 os\u00f3b, kt\u00f3re lubi\u0105 podr\u00f3\u017ce bez napinki: spontaniczne, lekkie i pe\u0142ne \u015bmiechu. Nie musisz mie\u0107 do\u015bwiadczenia w zwiedzaniu, planowaniu ani w ogarnianiu logistyki \u2014 najwa\u017cniejsze jest, \u017ceby\u015b mia\u0142\/a otwarto\u015b\u0107 na nowe miejsca i ludzi. Nasze wypady s\u0105 kr\u00f3tkie i sprytnie zaplanowane tak, by idealnie \u0142\u0105czy\u0142y si\u0119 z \u017cyciem zawodowym \u2014 cz\u0119sto to weekendowe podr\u00f3\u017ce, dzi\u0119ki kt\u00f3rym mo\u017cesz zatankowa\u0107 energi\u0119, nie wchodz\u0105c w konflikt z \u017cyciem zawodowym. Lecimy tam, gdzie aktualnie czeka dobra przygoda, tanie po\u0142\u0105czenie, ciekawy klimat i przestrze\u0144 do z\u0142apania oddechu. Je\u015bli masz ochot\u0119 pozna\u0107 nowych ludzi, odwiedza\u0107 pi\u0119kne miejsca i sp\u0119dza\u0107 czas w atmosferze luzu i dobrej energii \u2014 do\u0142\u0105cz do mnie.B\u0119dzie spontanicznie, b\u0119dzie \u015bmiesznie, b\u0119dzie intensywnie i\u2026 b\u0119dzie co wspomina\u0107.<\/p>\n","protected":false},"author":1,"featured_media":0,"parent":0,"menu_order":0,"comment_status":"closed","ping_status":"closed","template":"","meta":{"footnotes":""},"class_list":["post-840","page","type-page","status-publish","hentry"],"_links":{"self":[{"href":"https:\/\/vanderly.pl\/index.php\/wp-json\/wp\/v2\/pages\/840","targetHints":{"allow":["GET"]}}],"collection":[{"href":"https:\/\/vanderly.pl\/index.php\/wp-json\/wp\/v2\/pages"}],"about":[{"href":"https:\/\/vanderly.pl\/index.php\/wp-json\/wp\/v2\/types\/page"}],"author":[{"embeddable":true,"href":"https:\/\/vanderly.pl\/index.php\/wp-json\/wp\/v2\/users\/1"}],"replies":[{"embeddable":true,"href":"https:\/\/vanderly.pl\/index.php\/wp-json\/wp\/v2\/comments?post=840"}],"version-history":[{"count":10,"href":"https:\/\/vanderly.pl\/index.php\/wp-json\/wp\/v2\/pages\/840\/revisions"}],"predecessor-version":[{"id":867,"href":"https:\/\/vanderly.pl\/index.php\/wp-json\/wp\/v2\/pages\/840\/revisions\/867"}],"wp:attachment":[{"href":"https:\/\/vanderly.pl\/index.php\/wp-json\/wp\/v2\/media?parent=840"}],"curies":[{"name":"wp","href":"https:\/\/api.w.org\/{rel}","templated":true}]}}